{"id":13,"date":"2018-12-08T13:46:45","date_gmt":"2018-12-08T13:46:45","guid":{"rendered":"http:\/\/bi-wehraecker.de\/?page_id=13"},"modified":"2019-04-25T13:57:00","modified_gmt":"2019-04-25T13:57:00","slug":"ueber-uns","status":"publish","type":"page","link":"http:\/\/ogb-abstatt.de\/?page_id=13","title":{"rendered":"\u00dcber uns"},"content":{"rendered":"<p>Die <b>Offene Gr\u00fcne B\u00fcrgerliste <\/b>ist aus der <b>B\u00fcrgerinitiative \u201eWehr\u00e4cker\u201c <\/b>entstanden. Wir sind B\u00fcrger, die seit jahrzehnten in Abstatt wohnen und jetzt die Themen und Ziele der B\u00fcrgerinitiative in die Arbeit des Gemeinderates einbringen und die <b>Gemeindeentwicklung <\/b><b>aktiv <\/b><b>mitgestalten <\/b>m\u00f6chten. Wir halten direktdemokratische Verfahren f\u00fcr wichtige Instrumente der B\u00fcrgerbeteiligung und wollen diese f\u00f6rdern. <b>Transparenz<\/b> der Vorhaben und Verfahren in der Gemeinde m\u00fcssen zur Selbstverst\u00e4ndlichkeit werden.<\/p>\n\n\n<figure class=\"wp-block-image\"><img loading=\"lazy\" width=\"1024\" height=\"687\" src=\"http:\/\/ogb-abstatt.de\/wp-content\/uploads\/2019\/04\/Wir_OGB-1024x687.jpg\" alt=\"\" class=\"wp-image-537\" srcset=\"http:\/\/ogb-abstatt.de\/wp-content\/uploads\/2019\/04\/Wir_OGB-1024x687.jpg 1024w, http:\/\/ogb-abstatt.de\/wp-content\/uploads\/2019\/04\/Wir_OGB-300x201.jpg 300w, http:\/\/ogb-abstatt.de\/wp-content\/uploads\/2019\/04\/Wir_OGB-768x515.jpg 768w, http:\/\/ogb-abstatt.de\/wp-content\/uploads\/2019\/04\/Wir_OGB.jpg 1194w\" sizes=\"(max-width: 706px) 89vw, (max-width: 767px) 82vw, 740px\" \/><\/figure>\n\n\n\n<p><\/p>\n\t\t<div class=\"wpulike wpulike-default \" ><div class=\"wp_ulike_general_class wp_ulike_is_not_liked\"><button type=\"button\"\n\t\t\t\t\tdata-ulike-id=\"13\"\n\t\t\t\t\tdata-ulike-nonce=\"02e322b789\"\n\t\t\t\t\tdata-ulike-type=\"likeThis\"\n\t\t\t\t\tdata-ulike-status=\"1\" class=\"wp_ulike_btn wp_ulike_put_image wp_likethis_13\"><\/button><span class=\"count-box\">0<\/span>\t\t\t<\/div><\/div>\n\t","protected":false},"excerpt":{"rendered":"<p>Die Offene Gr\u00fcne B\u00fcrgerliste ist aus der B\u00fcrgerinitiative \u201eWehr\u00e4cker\u201c entstanden. Wir sind B\u00fcrger, die seit jahrzehnten in Abstatt wohnen und jetzt die Themen und Ziele der B\u00fcrgerinitiative in die Arbeit des Gemeinderates einbringen und die Gemeindeentwicklung aktiv mitgestalten m\u00f6chten. Wir halten direktdemokratische Verfahren f\u00fcr wichtige Instrumente der B\u00fcrgerbeteiligung und wollen diese f\u00f6rdern. Transparenz der Vorhaben &hellip; <\/p>\n<p class=\"link-more\"><a href=\"http:\/\/ogb-abstatt.de\/?page_id=13\" class=\"more-link\"><span class=\"screen-reader-text\">\u201e\u00dcber uns\u201c<\/span> weiterlesen<\/a><\/p>\n","protected":false},"author":1,"featured_media":0,"parent":0,"menu_order":0,"comment_status":"closed","ping_status":"closed","template":"","meta":[],"_links":{"self":[{"href":"http:\/\/ogb-abstatt.de\/index.php?rest_route=\/wp\/v2\/pages\/13"}],"collection":[{"href":"http:\/\/ogb-abstatt.de\/index.php?rest_route=\/wp\/v2\/pages"}],"about":[{"href":"http:\/\/ogb-abstatt.de\/index.php?rest_route=\/wp\/v2\/types\/page"}],"author":[{"embeddable":true,"href":"http:\/\/ogb-abstatt.de\/index.php?rest_route=\/wp\/v2\/users\/1"}],"replies":[{"embeddable":true,"href":"http:\/\/ogb-abstatt.de\/index.php?rest_route=%2Fwp%2Fv2%2Fcomments&post=13"}],"version-history":[{"count":10,"href":"http:\/\/ogb-abstatt.de\/index.php?rest_route=\/wp\/v2\/pages\/13\/revisions"}],"predecessor-version":[{"id":538,"href":"http:\/\/ogb-abstatt.de\/index.php?rest_route=\/wp\/v2\/pages\/13\/revisions\/538"}],"wp:attachment":[{"href":"http:\/\/ogb-abstatt.de\/index.php?rest_route=%2Fwp%2Fv2%2Fmedia&parent=13"}],"curies":[{"name":"wp","href":"https:\/\/api.w.org\/{rel}","templated":true}]}}