{"id":135,"date":"2018-12-18T15:44:19","date_gmt":"2018-12-18T15:44:19","guid":{"rendered":"http:\/\/bi-wehraecker.de\/?page_id=135"},"modified":"2018-12-21T14:56:17","modified_gmt":"2018-12-21T14:56:17","slug":"verkehrsprobleme-in-abstatt","status":"publish","type":"page","link":"http:\/\/ogb-abstatt.de\/?page_id=135","title":{"rendered":"Verkehrsprobleme"},"content":{"rendered":"\n<p>Das Industriegebiet &#8222;Chemotechnik&#8220;, das Gewerbemischgebiet um die Fabrikstra\u00dfe sowie die angrenzenden Wohngebiete werden insgesamt durch die Beilsteiner Stra\u00dfe erschlossen und an den Ortskern angebunden. Neben dem starken PKW und Lieferverkehr zu und aus den Wohngebieten hat der Verkehr mit schweren LKW (SKW:  <br>Der Euro- bzw. EU-Lastzug darf als Gliederzug 18,75\u00a0m, als Sattelzug 16,50\u00a0m lang sein, bis zu 4,0\u00a0m hoch und ohne die Au\u00dfenspiegel 2,55\u00a0m breit &#8211; die H\u00f6llwiesen sind insgesamt nur 3,40m breit!) enorm zugenommen. Zus\u00e4tzlich kommt es noch zu Behinderungen durch Autotransporte, die bei dem in der Fabrikstra\u00dfe ans\u00e4ssigen Gebrauchtwagenhandel be- und entladen. Nicht selten m\u00fcssen Schwerlastz\u00fcge dann in den Wohnstra\u00dfen H\u00f6llwiesen und Im Wehracker wenden und rangieren, wodurch das gesamte Wohngebiet vom Verkehr abgeschnitten wird und auch private Stellpl\u00e4tze &#8222;fremdgenutzt&#8220; werden. Die zerdr\u00fcckten Gr\u00fcnfl\u00e4chen der Stra\u00dfenr\u00e4nder zeugen von den engen Verh\u00e4ltnissen.   <\/p>\n\n\n\n<figure class=\"wp-block-image\"><img loading=\"lazy\" width=\"1024\" height=\"768\" src=\"http:\/\/bi-wehraecker.de\/wp-content\/uploads\/2018\/12\/kindergarten-1024x768.jpg\" alt=\"\" class=\"wp-image-174\" srcset=\"http:\/\/ogb-abstatt.de\/wp-content\/uploads\/2018\/12\/kindergarten-1024x768.jpg 1024w, http:\/\/ogb-abstatt.de\/wp-content\/uploads\/2018\/12\/kindergarten-300x225.jpg 300w, http:\/\/ogb-abstatt.de\/wp-content\/uploads\/2018\/12\/kindergarten-768x576.jpg 768w, http:\/\/ogb-abstatt.de\/wp-content\/uploads\/2018\/12\/kindergarten.jpg 1600w\" sizes=\"(max-width: 706px) 89vw, (max-width: 767px) 82vw, 740px\" \/><figcaption>Konflikte zwischen Kindergarten Abholung und Hinbringen und den vielen LKW, die die Fabrikstra\u00dfe benutzen: Das problematische S\u00fcdtor der Chemotechnik k\u00f6nnen die schweren Lastz\u00fcge nur unter Nutzung der Abstellpl\u00e4tze vor dem Kindergarten nutzen. Dies f\u00fchrt oft zu teilweise lautstarken Konflikten zwischen den Eltern der Kindergartenkindern, die dort parken und den LKW-Fahrern, die dann &#8222;festsitzen&#8220;. <\/figcaption><\/figure>\n\n\n\n<figure class=\"wp-block-image\"><img loading=\"lazy\" width=\"1024\" height=\"768\" src=\"http:\/\/bi-wehraecker.de\/wp-content\/uploads\/2018\/12\/Fabrikstrasse-1024x768.jpg\" alt=\"\" class=\"wp-image-175\" srcset=\"http:\/\/ogb-abstatt.de\/wp-content\/uploads\/2018\/12\/Fabrikstrasse-1024x768.jpg 1024w, http:\/\/ogb-abstatt.de\/wp-content\/uploads\/2018\/12\/Fabrikstrasse-300x225.jpg 300w, http:\/\/ogb-abstatt.de\/wp-content\/uploads\/2018\/12\/Fabrikstrasse-768x576.jpg 768w, http:\/\/ogb-abstatt.de\/wp-content\/uploads\/2018\/12\/Fabrikstrasse.jpg 1600w\" sizes=\"(max-width: 706px) 89vw, (max-width: 767px) 82vw, 740px\" \/><figcaption>An vielen Tagen ist kaum ein Durchkommen, ein gesicherter Schulweg \u00fcber die nur einseitigen B\u00fcrgersteige in der Fabrikstra\u00dfe ist auch nicht mehr gegeben.<\/figcaption><\/figure>\n\n\n\n<p><\/p>\n\t\t<div class=\"wpulike wpulike-default \" ><div class=\"wp_ulike_general_class wp_ulike_is_not_liked\"><button type=\"button\"\n\t\t\t\t\tdata-ulike-id=\"135\"\n\t\t\t\t\tdata-ulike-nonce=\"ae406f3d1e\"\n\t\t\t\t\tdata-ulike-type=\"likeThis\"\n\t\t\t\t\tdata-ulike-status=\"1\" class=\"wp_ulike_btn wp_ulike_put_image wp_likethis_135\"><\/button><span class=\"count-box\">1+<\/span>\t\t\t<\/div><\/div>\n\t","protected":false},"excerpt":{"rendered":"<p>Das Industriegebiet &#8222;Chemotechnik&#8220;, das Gewerbemischgebiet um die Fabrikstra\u00dfe sowie die angrenzenden Wohngebiete werden insgesamt durch die Beilsteiner Stra\u00dfe erschlossen und an den Ortskern angebunden. Neben dem starken PKW und Lieferverkehr zu und aus den Wohngebieten hat der Verkehr mit schweren LKW (SKW: Der Euro- bzw. EU-Lastzug darf als Gliederzug 18,75\u00a0m, als Sattelzug 16,50\u00a0m lang sein, &hellip; <\/p>\n<p class=\"link-more\"><a href=\"http:\/\/ogb-abstatt.de\/?page_id=135\" class=\"more-link\"><span class=\"screen-reader-text\">\u201eVerkehrsprobleme\u201c<\/span> weiterlesen<\/a><\/p>\n","protected":false},"author":1,"featured_media":0,"parent":0,"menu_order":0,"comment_status":"closed","ping_status":"closed","template":"","meta":[],"_links":{"self":[{"href":"http:\/\/ogb-abstatt.de\/index.php?rest_route=\/wp\/v2\/pages\/135"}],"collection":[{"href":"http:\/\/ogb-abstatt.de\/index.php?rest_route=\/wp\/v2\/pages"}],"about":[{"href":"http:\/\/ogb-abstatt.de\/index.php?rest_route=\/wp\/v2\/types\/page"}],"author":[{"embeddable":true,"href":"http:\/\/ogb-abstatt.de\/index.php?rest_route=\/wp\/v2\/users\/1"}],"replies":[{"embeddable":true,"href":"http:\/\/ogb-abstatt.de\/index.php?rest_route=%2Fwp%2Fv2%2Fcomments&post=135"}],"version-history":[{"count":6,"href":"http:\/\/ogb-abstatt.de\/index.php?rest_route=\/wp\/v2\/pages\/135\/revisions"}],"predecessor-version":[{"id":193,"href":"http:\/\/ogb-abstatt.de\/index.php?rest_route=\/wp\/v2\/pages\/135\/revisions\/193"}],"wp:attachment":[{"href":"http:\/\/ogb-abstatt.de\/index.php?rest_route=%2Fwp%2Fv2%2Fmedia&parent=135"}],"curies":[{"name":"wp","href":"https:\/\/api.w.org\/{rel}","templated":true}]}}