{"id":202,"date":"2018-12-28T08:56:37","date_gmt":"2018-12-28T08:56:37","guid":{"rendered":"http:\/\/bi-wehraecker.de\/?page_id=202"},"modified":"2019-01-22T16:14:42","modified_gmt":"2019-01-22T16:14:42","slug":"downloads","status":"publish","type":"page","link":"http:\/\/ogb-abstatt.de\/?page_id=202","title":{"rendered":"Downloads"},"content":{"rendered":"<p><a href=\"http:\/\/bi-wehraecker.de\/wp-content\/uploads\/2018\/12\/Informationsblatt_Buergerbegehren.pdf\">Download (Informationsblatt B\u00fcrgerbegehren)<\/a><\/p>\n<p><a href=\"http:\/\/bi-wehraecker.de\/wp-content\/uploads\/2019\/01\/HST_Wehr\u00e4cker2.pdf\">DOWNLOAD (Heilbronner Stimme 16.01.2019: BI-Wehr\u00e4cker )<\/a><\/p>\n<p><a href=\"http:\/\/bi-wehraecker.de\/wp-content\/uploads\/2019\/01\/Gewerbesteuereinnahmen_Abstatt_2002_2018.pdf\">Download (Gewerbesteuereinnahmen_Abstatt 2002 2018)<\/a><\/p>\n<p><a href=\"http:\/\/bi-wehraecker.de\/wp-content\/uploads\/2019\/01\/KA_019_Ergaenzung_Karte_FNP.pdf\">Download (Fl\u00e4chennutzungsplan Abstatt aktuell)<\/a><\/p>\n<p><a href=\"http:\/\/bi-wehraecker.de\/wp-content\/uploads\/2018\/12\/KA_002_Fl\u00e4chenaufteilung-statistisches-Landesamt_-2014.pdf\">Download (Fl\u00e4chenaufteilung Statistisches Landesamt Stand 2014)<\/a><\/p>\n<p><a href=\"http:\/\/bi-wehraecker.de\/wp-content\/uploads\/2019\/01\/KA_011_Flaeche_Landesamt_Abstatt.pdf\">Download (Fl\u00e4chenverluste Gemeindegebiet Abstatt 2000 &#8211; 2017)<\/a><\/p>\n<p><a href=\"http:\/\/bi-wehraecker.de\/wp-content\/uploads\/2018\/12\/KA_001_Altwuerttembergischer_Landgraben.pdf\">Download (Altw\u00fcrttembergischer Landgraben)<\/a><\/p>\n<p><a href=\"http:\/\/bi-wehraecker.de\/wp-content\/uploads\/2018\/12\/KA_000_Auszug_Broschuere_Altwuerttembergischer_Landgraben.pdf\">Download (Brosch\u00fcre Altw\u00fcrttembergischer Landgraben)<\/a><\/p>\n<p><a href=\"http:\/\/bi-wehraecker.de\/wp-content\/uploads\/2018\/12\/Flaechenverbrauch.pdf\">Download (Fl\u00e4chenverbrauch in Abstatt im Vergleich Landkreis Heilbronn)<\/a><\/p>\n<p><a href=\"http:\/\/bi-wehraecker.de\/wp-content\/uploads\/2018\/12\/Einwohnerzahlen.pdf\">Download (Entwicklung Einwohnerzahlen Abstatt bis 2017)<\/a><\/p>\n<p><a href=\"http:\/\/bi-wehraecker.de\/wp-content\/uploads\/2018\/12\/Biotop_3.pdf\">Download (Beschreibung Biotop 3 am Landgraben)<\/a><\/p>\n<p><a href=\"http:\/\/bi-wehraecker.de\/wp-content\/uploads\/2018\/12\/BI_040_Karte_Flyer.pdf\">Download (geplantes Baugebiet Wehr\u00e4cker II im Vergleich)<\/a><\/p>\n<p><a href=\"http:\/\/bi-wehraecker.de\/wp-content\/uploads\/2018\/12\/GM_007_FNP_Abstatt_12_07_2017.pdf\">Download (Fl\u00e4chennutzungsplan \u2013 3. Fortschreibung Zieljahr 2030)<\/a><\/p>\n<p><a href=\"http:\/\/bi-wehraecker.de\/wp-content\/uploads\/2018\/12\/GM_018_Baugebiet_Huehnlesacker_Ilsfeld_Auenstein_2018.pdf\">Download (Spezielle artenschutzrechtliche Pr\u00fcfung H\u00fchnles\u00e4cker))<\/a><\/p>\n<p><a href=\"http:\/\/bi-wehraecker.de\/wp-content\/uploads\/2018\/12\/Wanderwege_Altwuerttembergischer_Landgraben.pdf\">Download (Wanderweg Altw\u00fcrttembergischer Landgraben)<\/a><\/p>\n<p><a href=\"http:\/\/bi-wehraecker.de\/wp-content\/uploads\/2018\/12\/GM_012_Bericht_vdk.pdf\">Download (VDK Podiumsdiskussion mit B\u00fcrgermeister Zenth)<\/a><\/p>\n<p><a href=\"http:\/\/bi-wehraecker.de\/wp-content\/uploads\/2019\/01\/KA_027_Entwurf_Bebauung_Wehraecker_II.pdf\">Download (Entwurf der Bebauung Wehr\u00e4cker II aus dem Gemeinderat 11.12.2018)<\/a><\/p>\n\t\t<div class=\"wpulike wpulike-default \" ><div class=\"wp_ulike_general_class wp_ulike_is_not_liked\"><button type=\"button\"\n\t\t\t\t\tdata-ulike-id=\"202\"\n\t\t\t\t\tdata-ulike-nonce=\"731d8b71d9\"\n\t\t\t\t\tdata-ulike-type=\"likeThis\"\n\t\t\t\t\tdata-ulike-status=\"1\" class=\"wp_ulike_btn wp_ulike_put_image wp_likethis_202\"><\/button><span class=\"count-box\">0<\/span>\t\t\t<\/div><\/div>\n\t","protected":false},"excerpt":{"rendered":"<p>Download (Informationsblatt B\u00fcrgerbegehren) DOWNLOAD (Heilbronner Stimme 16.01.2019: BI-Wehr\u00e4cker ) Download (Gewerbesteuereinnahmen_Abstatt 2002 2018) Download (Fl\u00e4chennutzungsplan Abstatt aktuell) Download (Fl\u00e4chenaufteilung Statistisches Landesamt Stand 2014) Download (Fl\u00e4chenverluste Gemeindegebiet Abstatt 2000 &#8211; 2017) Download (Altw\u00fcrttembergischer Landgraben) Download (Brosch\u00fcre Altw\u00fcrttembergischer Landgraben) Download (Fl\u00e4chenverbrauch in Abstatt im Vergleich Landkreis Heilbronn) Download (Entwicklung Einwohnerzahlen Abstatt bis 2017) Download (Beschreibung Biotop 3 &hellip; <\/p>\n<p class=\"link-more\"><a href=\"http:\/\/ogb-abstatt.de\/?page_id=202\" class=\"more-link\"><span class=\"screen-reader-text\">\u201eDownloads\u201c<\/span> weiterlesen<\/a><\/p>\n","protected":false},"author":1,"featured_media":0,"parent":0,"menu_order":0,"comment_status":"closed","ping_status":"closed","template":"","meta":[],"_links":{"self":[{"href":"http:\/\/ogb-abstatt.de\/index.php?rest_route=\/wp\/v2\/pages\/202"}],"collection":[{"href":"http:\/\/ogb-abstatt.de\/index.php?rest_route=\/wp\/v2\/pages"}],"about":[{"href":"http:\/\/ogb-abstatt.de\/index.php?rest_route=\/wp\/v2\/types\/page"}],"author":[{"embeddable":true,"href":"http:\/\/ogb-abstatt.de\/index.php?rest_route=\/wp\/v2\/users\/1"}],"replies":[{"embeddable":true,"href":"http:\/\/ogb-abstatt.de\/index.php?rest_route=%2Fwp%2Fv2%2Fcomments&post=202"}],"version-history":[{"count":12,"href":"http:\/\/ogb-abstatt.de\/index.php?rest_route=\/wp\/v2\/pages\/202\/revisions"}],"predecessor-version":[{"id":340,"href":"http:\/\/ogb-abstatt.de\/index.php?rest_route=\/wp\/v2\/pages\/202\/revisions\/340"}],"wp:attachment":[{"href":"http:\/\/ogb-abstatt.de\/index.php?rest_route=%2Fwp%2Fv2%2Fmedia&parent=202"}],"curies":[{"name":"wp","href":"https:\/\/api.w.org\/{rel}","templated":true}]}}