{"id":132,"date":"2018-12-18T15:43:47","date_gmt":"2018-12-18T15:43:47","guid":{"rendered":"http:\/\/bi-wehraecker.de\/?page_id=132"},"modified":"2019-01-23T12:33:24","modified_gmt":"2019-01-23T12:33:24","slug":"landfrass-in-abstatt","status":"publish","type":"page","link":"https:\/\/ogb-abstatt.de\/?page_id=132","title":{"rendered":"Landfra\u00df"},"content":{"rendered":"\n<p>Die Landwirtschaft wurde in Abstatt schon so weit zur\u00fcckgedr\u00e4ngt, dass es nur noch einen Vollerwerbslandwirt im Kernort gibt. Bei einer Gemeindefl\u00e4che von 966 ha sind seit 2000 \u00fcber 63 ha landwirtschaftlich genutzte Fl\u00e4chen an die Gewebegebiete, Wohnbaugebiete und Verkehrsfl\u00e4chen verloren gegangen.<\/p>\n\n\n\n<p><strong>Artikel von Michael Gro\u00df:<\/strong> Abstatt ist die am st\u00e4rksten bebaute Gemeinde im l\u00e4ndlichen Raum des Landkreises Heilbronner Land und die mit dem prozentual h\u00f6chsten Verlust von Natur- und Umwelt durch Bebauung und Verkehrsfl\u00e4chen (HSt 02\/2018, Strukturbericht Heilbronn-Franken 2015). Wollte man eine Hitliste der Gemeinden mit dem gr\u00f6\u00dften Fl\u00e4chenraub pro Jahr aufstellen, so w\u00e4re Abstatt an Nr. 1 im l\u00e4ndlichen Raum (Einteilung der Gemeinden in l\u00e4ndlichen Raum und st\u00e4dtischem Verdichtungsraum lt. Strukturbericht 2015) und an Nr. 5 insgesamt bei 46 Gemeinden des Landkreises! Eine traurige Spitzenposition, die Verlust an Lebensqualit\u00e4t f\u00fcr die B\u00fcrger bedeutet.&nbsp; Der Strukturbericht offenbart noch eine weitere traurige Wahrheit \u00fcber Abstatt: Abstatt betoniert \u00fcberproportional Gemeindefl\u00e4che je Einwohner, was der Pr\u00e4gung als kleiner l\u00e4ndlicher Industriegemeinde entspricht. Da Abstatt aber durch gro\u00dfe Einwohnerverluste \u00e4lterer Mitb\u00fcrger, die vorwiegend im Ortskern beheimatet waren in der Ortsmitte zunehmen &#8222;Bev\u00f6lkerungslos&#8220; wird, entsteht ein Fettg\u00fcrtel aus Industrie und Neubaugebieten an der Peripherie &#8211; der klassische Donut-Effekt, vor dem viele Experten f\u00fcr Stadtentwicklung warnen (&#8222;Der Donut-Effekt wird zum Risiko f\u00fcr die deutsche Provinz&#8220; <a href=\"https:\/\/www.welt.de\/finanzen\/immobilien\/article165680734\/Der-Donut-Effekt-wird-zum-Risiko-fuer-die-deutsche-Provinz.html\">https:\/\/www.welt.de\/finanzen\/immobilien\/article165680734\/Der-Donut-Effekt-wird-zum-Risiko-fuer-die-deutsche-Provinz.html<\/a>):&nbsp;<\/p>\n\n\n\n<h3>\u201eViele Familien bauen lieber etwas Neues\u201c<\/h3>\n\n\n\n<p>Bef\u00f6rdert wird die ung\u00fcnstige Entwicklung laut IW-Studie von den Niedrigzinsen der vergangenen Jahre, die den Kauf einer Immobilie vergleichsweise g\u00fcnstig machen. Das Gebrauchthaus ist offensichtlich nicht \u00fcberm\u00e4\u00dfig beliebt. \u201eViele Familien bauen lieber etwas Neues\u201c, sagte Voigtl\u00e4nder. \u201eDas ist verst\u00e4ndlich, aber man m\u00fcsste gleichzeitig leer stehende alte H\u00e4user abrei\u00dfen. Sinnvoll w\u00e4re eine Fokussierung auf den Bestand.\u201c<\/p>\n\n\n\n<p>Das IW empfiehlt Kommunen mit ausuferndem Neubau ein rigoroses Vorgehen: keine neuen Baugebiete ausweisen, Neubauten an den Abriss von Altbauten koppeln und die Ortskerne attraktiver machen.<\/p>\n\n\n\n<p>Angetrieben werde diese Fehlentwicklung durch die extrem niedrigen Zinsen, aber auch durch die Kommunen selbst, die an den Ortsr\u00e4ndern immer neues Bauland ausweisen, um den Bev\u00f6lkerungsschwund zu bremsen. Denn die gebrauchten Immobilien in den Dorfkernen finden h\u00e4ufig keine Abnehmer. Neue Eigenheime am Stadtrand dagegen werden gerne gebaut \u2013 Experten sprechen in solchen F\u00e4llen vom sogenannten Donut-Effekt.<\/p>\n\n\n\n<p>soweit der Auszug aus dem Artikel von&nbsp;<br>&nbsp;<a href=\"https:\/\/www.welt.de\/autor\/michael-fabricius\/\">Michael Fabricius ver\u00f6ffentlicht am 19.6.2017 in der WELT<\/a><\/p>\n\n\n\n<p class=\"has-text-color has-very-dark-gray-color\">&#8222;Gemeinderatsprotokoll 03\/2018: Die Gemeinde Abstatt stellt sich den Herausforderungen der herrschenden Wohnungsnot in der Region. Um dem entgegen zu wirken und nach fast zehn Jahren wieder moderat Bauland anzubieten, soll ein Entwicklungskonzept ausgearbeitet werden. Dabei ist vor allem Bedarf an gr\u00f6\u00dferen (vier bis sechs Ar) und h\u00f6herwertigen Grundst\u00fccken vorhanden, der auf der Gemarkung derzeit nicht mehr abgedeckt werden kann.&#8220;<\/p>\n\n\n\n<p class=\"has-text-color has-vivid-cyan-blue-color\">Kommentar (Dr. Michael Gro\u00df, Abstatt): \u00dcberall in Deutschland und in 41 Gemeinden von 46 Gemeinden des Landkreises ist &#8222;Fl\u00e4chen sparen&#8220; und &#8222;Fl\u00e4chen schonen&#8220; ein wertvollerer Begriff als in Abstatt. In Abstatt will man das Gemeindegebiet auf &#8222;Teufel komm raus&#8220; versiegeln. Anders ist nicht zu erkl\u00e4ren, dass die Gemeindeverwaltung statt auf Innenentwicklung und schonendem Umgang mit der Ressource Boden auf Au\u00dfenentwicklung im Eilverfahren setzt.&nbsp; Auffallend ist auch, dass alle Gemeinden um Abstatt herum schonender mit ihrem Gemeindegebiet umgehen. Abstatt geht sogar soweit, in Nachbargemeinden Ausgleichsfl\u00e4chen zu kaufen, um die versiegelten eigenen S\u00fcnden zu kompensieren &#8211; wie absurd ist das denn!<\/p>\n\n\n\n<p class=\"has-text-color has-vivid-cyan-blue-color\">Einfach mal die Ma\u00dfgaben der Regierungspr\u00e4sidien lesen, dann merkt man, was alles in Abstatt schief l\u00e4uft:<\/p>\n\n\n\n<p><strong>Ver\u00f6ffentlichung der Regierungspr\u00e4sidien Baden-W\u00fcrttemberg<\/strong><\/p>\n\n\n\n<p class=\"has-text-color has-background has-small-font-size has-vivid-cyan-blue-color has-very-light-gray-background-color\">(Quelle: <a href=\"https:\/\/rp.baden-wuerttemberg.de\/Themen\/Bauen\/Seiten\/Flaechensparen.aspx\">https:\/\/rp.baden-wuerttemberg.de\/Themen\/Bauen\/Seiten\/Flaechensparen.aspx<\/a>)<\/p>\n\n\n\n<p><strong>Fl\u00e4chen sparen<\/strong><\/p>\n\n\n\n<p>\n\nEine zentrale Rolle in der Arbeit der Regierungspr\u00e4sidien nimmt das Thema \u201eFl\u00e4chen sparen\u201c ein. Da sich die wesentlichen Weichenstellungen f\u00fcr eine Inanspruchnahme neuer Fl\u00e4chen auf der Ebene der kommunalen Bauleitplanung abspielen, setzen die Regierungspr\u00e4sidien in ihrer Zust\u00e4ndigkeit als h\u00f6here Baurechts- und Raumordnungsbeh\u00f6rde sowie als F\u00f6rderinstanz hier besondere Schwerpunkte.&nbsp;\n\n<\/p>\n\n\n\n<p><strong>Schritt f\u00fcr Schritt zum Fl\u00e4chen sparen&#8230;<\/strong><\/p>\n\n\n\n<p><strong>Schritt 1: Werben f\u00fcr das Fl\u00e4chensparen<\/strong><\/p>\n\n\n\n<p>&nbsp;In Gespr\u00e4chen mit Entscheidungstr\u00e4gern, Regionalverb\u00e4nden, sowie in Versammlungen oder auch&nbsp;im Rahmen von Fachkongressen&nbsp;werben die Regierungspr\u00e4sidien f\u00fcr das Fl\u00e4chen sparen, damit das Thema noch mehr in das \u00f6ffentliche Bewusstsein r\u00fcckt.&nbsp;<\/p>\n\n\n\n<p><strong>Schritt 2: Die Plausibilit\u00e4t von Baufl\u00e4chennachweisen pr\u00fcfen<\/strong>&nbsp;<\/p>\n\n\n\n<p>Bei der Genehmigung von Fl\u00e4chennutzungspl\u00e4nen wenden die Regierungspr\u00e4sidien das gemeinsam mit dem Ministerium f\u00fcr Verkehr&nbsp;und&nbsp;Infrastruktur&nbsp;erarbeitete Hinweispapier zur Plausibilit\u00e4tspr\u00fcfung der von den Kommunen vorgelegten Baufl\u00e4chenbedarfsnachweise&nbsp;an. Damit sind handhabbare Kriterien f\u00fcr eine einheitliche Umsetzung der Vorgaben des Baugesetzbuchs vorhanden, wonach mit Grund und Boden sparsam und schonend umzugehen ist und intensive Ermittlungs- und Begr\u00fcndungspflichten bestehen, wenn anstelle von Innenentwicklungsma\u00dfnahmen Landwirtschaftsfl\u00e4chen und Wald f\u00fcr neue Baugebiete ausgewiesen werden sollen. Durch Dienstbesprechungen der Regierungspr\u00e4sidien wird gew\u00e4hrleistet, dass nicht nur die Fl\u00e4chennutzungspl\u00e4ne der Gro\u00dfen Kreisst\u00e4dte, f\u00fcr welche die Regierungspr\u00e4sidien zust\u00e4ndig sind, sondern auch die Pl\u00e4ne der kreisangeh\u00f6rigen Gemeinden, f\u00fcr die die Landrats\u00e4mter zust\u00e4ndig sind, in angemessenem Umfang das gesetzliche Ziel des Fl\u00e4chensparens ber\u00fccksichtigen. Im Rahmen der Wohnraum-Allianz wurde das oben genannte Hinweispapier \u00fcberarbeitet. Aufgenommen wurde unter anderem die Ber\u00fccksichtigung der tats\u00e4chlichen Bev\u00f6lkerungsentwicklung. Ganz neu ist ein Abschnitt zur Pr\u00fcfung des Wohnbaufl\u00e4chenbedarfs in besonderen F\u00e4llen. Wichtig ist in jedem Fall eine nachvollziehbare Begr\u00fcndung des Einzelfalls bzw. der besonderen Situation, die eine Abweichung vom Standard rechtfertigt. Der allgemeine Bedarf an Wohnbaufl\u00e4chen allein reicht daf\u00fcr nicht aus. Bei den Gewerbefl\u00e4chen hat sich nichts ge\u00e4ndert. Hier ist wie bisher ein konkreter Bedarf darzustellen und nachvollziehbar zu begr\u00fcnden.<\/p>\n\n\n\n<p>\u200b&nbsp;<strong>Schritt 3: Die F\u00f6rderung von Innenentwicklungsma\u00dfnahmen<\/strong>&nbsp;<\/p>\n\n\n\n<p>Ein dritter, wichtiger Aspekt ist die finanzielle F\u00f6rderung von Ma\u00dfnahmen der Innenentwicklung \u00fcber die St\u00e4dtebauf\u00f6rderung und das Entwicklungsprogramm L\u00e4ndlicher Raum. Antr\u00e4ge, die die Attraktivit\u00e4t der Ortskerne oder die Umnutzung von Geb\u00e4udeleerstand f\u00fcr das Wohnen vorsehen, werden mit hoher Priorit\u00e4t versehen.<\/p>\n\t\t<div class=\"wpulike wpulike-default \" ><div class=\"wp_ulike_general_class wp_ulike_is_not_liked\"><button type=\"button\"\n\t\t\t\t\tdata-ulike-id=\"132\"\n\t\t\t\t\tdata-ulike-nonce=\"d2f906af51\"\n\t\t\t\t\tdata-ulike-type=\"likeThis\"\n\t\t\t\t\tdata-ulike-status=\"1\" class=\"wp_ulike_btn wp_ulike_put_image wp_likethis_132\"><\/button><span class=\"count-box\">1+<\/span>\t\t\t<\/div><\/div>\n\t","protected":false},"excerpt":{"rendered":"<p>Die Landwirtschaft wurde in Abstatt schon so weit zur\u00fcckgedr\u00e4ngt, dass es nur noch einen Vollerwerbslandwirt im Kernort gibt. Bei einer Gemeindefl\u00e4che von 966 ha sind seit 2000 \u00fcber 63 ha landwirtschaftlich genutzte Fl\u00e4chen an die Gewebegebiete, Wohnbaugebiete und Verkehrsfl\u00e4chen verloren gegangen. Artikel von Michael Gro\u00df: Abstatt ist die am st\u00e4rksten bebaute Gemeinde im l\u00e4ndlichen Raum &hellip; <\/p>\n<p class=\"link-more\"><a href=\"https:\/\/ogb-abstatt.de\/?page_id=132\" class=\"more-link\"><span class=\"screen-reader-text\">\u201eLandfra\u00df\u201c<\/span> weiterlesen<\/a><\/p>\n","protected":false},"author":1,"featured_media":0,"parent":0,"menu_order":0,"comment_status":"closed","ping_status":"closed","template":"","meta":[],"_links":{"self":[{"href":"https:\/\/ogb-abstatt.de\/index.php?rest_route=\/wp\/v2\/pages\/132"}],"collection":[{"href":"https:\/\/ogb-abstatt.de\/index.php?rest_route=\/wp\/v2\/pages"}],"about":[{"href":"https:\/\/ogb-abstatt.de\/index.php?rest_route=\/wp\/v2\/types\/page"}],"author":[{"embeddable":true,"href":"https:\/\/ogb-abstatt.de\/index.php?rest_route=\/wp\/v2\/users\/1"}],"replies":[{"embeddable":true,"href":"https:\/\/ogb-abstatt.de\/index.php?rest_route=%2Fwp%2Fv2%2Fcomments&post=132"}],"version-history":[{"count":10,"href":"https:\/\/ogb-abstatt.de\/index.php?rest_route=\/wp\/v2\/pages\/132\/revisions"}],"predecessor-version":[{"id":362,"href":"https:\/\/ogb-abstatt.de\/index.php?rest_route=\/wp\/v2\/pages\/132\/revisions\/362"}],"wp:attachment":[{"href":"https:\/\/ogb-abstatt.de\/index.php?rest_route=%2Fwp%2Fv2%2Fmedia&parent=132"}],"curies":[{"name":"wp","href":"https:\/\/api.w.org\/{rel}","templated":true}]}}