{"id":138,"date":"2018-12-18T15:44:37","date_gmt":"2018-12-18T15:44:37","guid":{"rendered":"http:\/\/bi-wehraecker.de\/?page_id=138"},"modified":"2019-03-28T12:41:07","modified_gmt":"2019-03-28T12:41:07","slug":"bauen-in-abstatt","status":"publish","type":"page","link":"https:\/\/ogb-abstatt.de\/?page_id=138","title":{"rendered":"Landwirtschaft und Bauen"},"content":{"rendered":"<p>Stellungnahme zu den Heilbronner Stimme Artikeln vom 21.03.2019 von Reto Bosch<\/p>\n<p>\u201eFl\u00e4chenverbrauch: Landwirte schlagen Alarm\u201c S. 1 \/ Kommentar \u201eStopp\u201c S. 1 \/\u201eSorgenvoller Blick auf die Kr\u00e4ne\u201c S. 25,<\/p>\n<p>und dem Artikel von Ines Schmiedl &#8211; \u201eBl\u00fchende Wiesen sind f\u00fcr Insekten \u00fcberlebenswichtig\u201c S. 28<\/p>\n<p>Der Landverbrauch wertvoller Agrarfl\u00e4chen ist eine besorgniserregende Entwicklung, die zwar in den \u00dcbergeordneten Zielen der Bundesregierung bis 2050 gestoppt werden soll, aber trotzdem unvermindert auf Gemeindeebene vorangetrieben wird. Einseitig wird damit einem Berufsstand die Wirtschaftsgrundlage entzogen-\u00a0 die Landwirtschaft befindet sich \u00fcberall auf dem R\u00fcckzug. Die Verknappung der Fl\u00e4chen f\u00fchrt zum Zwang der Fl\u00e4chenertragssteigerung und damit zu einerseits dem Trend zu mehr \u201eIndustrialisierung\u201c in der Landwirtschaft (Glyphosat und Insektensterben inklusive) und des Weiteren zu einer zunehmend gr\u00f6\u00dferen H\u00fcrde f\u00fcr die Umwandlung zur Bio-Landwirtschaft, die immer mit einer Verringerung der Fl\u00e4chenertr\u00e4ge einher geht. In der \u201eWelt\u201c war schon 2013 von Birger Nicolai zu lesen: \u201eDie Deutschen ern\u00e4hren sich immer mehr aus dem Ausland und immer weniger aus der eigenen Landwirtschaft. Aufgrund fehlender Agrarfelder ist Deutschland massiv abh\u00e4ngig von ausl\u00e4ndischen Ackerfl\u00e4chen.\u201c Und weiter: \u201eDas Ergebnis: F\u00fcr den Inlandsverbrauch von Ern\u00e4hrungsg\u00fctern wurde im Jahr 2010 eine Fl\u00e4che von 20,1 Millionen Hektar ben\u00f6tigt. Doch die Realit\u00e4t sieht anders aus: Bereits zwei Drittel (13,1 Millionen Hektar) dieser Agrarfl\u00e4che lagen im Jahr 2010 im Ausland, nur ein Drittel (sieben Millionen Hektar) war landwirtschaftliche Fl\u00e4chen im Inland.\u201c<\/p>\n<p>Das ist das Ergebnis des enormen Fl\u00e4chenverbrauchs und ziemlich bedr\u00fcckend, wenn man in die Zukunft der Ern\u00e4hrungssicherung schaut.<\/p>\n<p>Gerade Abstatt mit seiner geringen Gemeindefl\u00e4che tut sich als gro\u00dfer Fl\u00e4chenr\u00e4uber hervor. Die Abstatter Fruchtfolge der letzten Jahre aus \u201eKartoffeln, Mais, Beton\u201c muss unterbrochen werden. Die lokale Nahrungsmittelversorgung ger\u00e4t dadurch selbst in einem so fruchtbaren Landstrich wie dem Heilbronner Land immer mehr unter Druck und wird bald verschwinden. Nur ein Umdenken in den Gemeinder\u00e4ten und bei den B\u00fcrgermeistern kann diesen Raubbau an den Ressourcen unserer Heimat aufhalten.<\/p>\n<p>Dr. Michael Gro\u00df<\/p>\n\n\n<h2>Verbrauch landwirtschaftlicher Nutzfl\u00e4che in den letzten 15 Jahren, die zuk\u00fcnftige Entwicklung von Abstatt<\/h2>\n\n\n\n<p><em>Anl\u00e4sslich der Gemeinderatssitzung am 22.1.2019 vorgelesener Brief der Landwirte aus Abstatt<\/em><\/p>\n\n\n\n<p>Sehr geehrter Herr B\u00fcrgermeister Zenth, sehr geehrte Gemeinder\u00e4tinnen und Gemeinder\u00e4te,<br>hiermit m\u00f6chten wir uns als Bewirtschafter und Grundst\u00fcckseigent\u00fcmer von landwirtschaftlicher Nutzfl\u00e4che gegen den Wegfall von \u00c4ckern, Wiesen und Streuobstfl\u00e4che durch eine weitere Bebauung und daraus resultierenden Ausgleichsma\u00dfnahmen aussprechen.<\/p>\n\n\n\n<p>Wir sind der Meinung, dass der Landwirtschaft in Abstatt, in den letzten 15 Jahren in hohem Ma\u00df Fl\u00e4chen f\u00fcr die Ansiedlung von Industrie (Schaffung von Arbeitspl\u00e4tzen), Wohnbau(Bev\u00f6lkerungswachstum), Infrastruktur, Renaturierung entzogen worden ist.<br>Durch die bisherige Entwicklung wurde aus unserer Sicht dem Wirtschaftsstandort Heilbronn-Franken ausreichend Rechnung getragen.<\/p>\n\n\n\n<p>Laut Statistik ist die Gemeinde Abstatt im Landkreis Heilbronn eine der fl\u00e4chen\u00e4rmsten Gemeinden mit hohem Waldanteil (Platz 39\/46 bei Fl\u00e4che) und im Gegensatz dazu, nimmt sie einen der vorderen Pl\u00e4tzen im Verbrauch von landwirtschaftlicher Nutzfl\u00e4che (Platz 4\/46 im Fl\u00e4chenverbrauch) ein.<br>In Abstatt wurden von 2000 \u2013 2016 rund 63 ha Land verbraucht (Bebauung, Hochwasserschutz, Ausgleichsma\u00dfnahmen, etc.) Dies sind durchschnittlich ca. 4 ha j\u00e4hrlich. Dementsprechend wurde die Siedlungsfl\u00e4che in Abstatt innerhalb kurzer Zeit um mehr als 33% ausgedehnt.<\/p>\n\n\n\n<p>Hierbei ist die neue Industrieansiedlung Unteres Feld mit ca. 6 bis 7 ha noch nicht ber\u00fccksichtigt.<\/p>\n\n\n\n<p>Das Ziel der Gemeinde sollte in der Zukunft ein lebenswertes Abstatt f\u00fcr alle B\u00fcrger sein.<\/p>\n\n\n\n<figure class=\"wp-block-image\"><img loading=\"lazy\" width=\"724\" height=\"1024\" src=\"http:\/\/bi-wehraecker.de\/wp-content\/uploads\/2018\/12\/Flaeche_Landesamt_Abstatt-1-724x1024.png\" alt=\"\" class=\"wp-image-72\" srcset=\"https:\/\/ogb-abstatt.de\/wp-content\/uploads\/2018\/12\/Flaeche_Landesamt_Abstatt-1-724x1024.png 724w, https:\/\/ogb-abstatt.de\/wp-content\/uploads\/2018\/12\/Flaeche_Landesamt_Abstatt-1-212x300.png 212w, https:\/\/ogb-abstatt.de\/wp-content\/uploads\/2018\/12\/Flaeche_Landesamt_Abstatt-1-768x1086.png 768w\" sizes=\"(max-width: 724px) 100vw, 724px\" \/><figcaption>Fl\u00e4chenverbrauch der Abstatter Gemeindefl\u00e4che<\/figcaption><\/figure>\n\n\n\n<h1>Heilbronner Stimme: Vor weiterem Fl\u00e4chenverlust gewarnt<\/h1>\n\n\n\n<p><strong><em>Heilbronn<\/em><\/strong>&nbsp; Bei Felderrundfahrt mahnende Worte zur Versiegelung von Agrarfl\u00e4chen. Wird bald der Import von heimischen Nahrungsmitteln eine Konsequenz sein?<\/p>\n\n\n\n<p>(10.6.2018) Von Carsten Friese <a href=\"https:\/\/www.stimme.de\/heilbronn\/nachrichten\/region\/Vor-weiterem-Flaechenverlust-gewarnt;art140897,4039437\">https:\/\/www.stimme.de\/heilbronn\/nachrichten\/region\/Vor-weiterem-Flaechenverlust-gewarnt;art140897,4039437<\/a><\/p>\n\n\n\n<p>&#8230; <br>Wenn der Fl\u00e4chenverbrauch f\u00fcr Siedlungen und Verkehrsfl\u00e4chen so weiter gehe, \u201ekommt irgendwann der Tag, an dem wir bei landwirtschaftlichen Produkten von Importen abh\u00e4ngig sind\u201c. Der Wert solcher Fl\u00e4chen sei vielen Menschen nicht klar, man m\u00fcsse Freifl\u00e4chen \u201ebesser sichern\u201c, zum Beispiel durch Vorranggebiete Landwirtschaft. Sonst w\u00e4re die Konsequenz, dass verbleibende Fl\u00e4chen immer intensiver genutzt w\u00fcrden. &#8230;&#8230;<\/p>\n\n\n\n<p class=\"has-text-color has-vivid-cyan-blue-color\"><strong>Kommentar von Michael Gro\u00df:<\/strong> Eine Gemeinde des l\u00e4ndlichen Raums wie Abstatt muss die b\u00e4uerliche Nahversorgung sch\u00fctzen. Der Verlust an ortsnaher Nahrungsmittelproduktion durch Vernichtung landwirtschaftlicher Fl\u00e4chen f\u00fchrt zu noch mehr Verkehr. Im Gemeinderat und in der Gemeindverwaltung muss ein Umdenken einsetzen weg von der tradierten &#8222;St\u00fccklesschacherei&#8220; hin zu zukunftsorientiertem nachhaltigen Fl\u00e4chenmanagement, welches ein Nebeneinander von Landwirtschaft, Wohnentwicklung, Gewerbe- und Verkehrsentwicklung erm\u00f6glicht. Wo ist die Vision von Abstatt 2050? Sollen einfach noch mehr Baugrundst\u00fccke im Eilverfahren umgelegt werden, oder zieht in die Gemeindepolitik ein Nachhaltigkeitsgedanke ein mit dem B\u00fcrgerwohl an erster Stelle auf der Grundlage von Natur- und Umweltschutz. <\/p>\n\n\n\n<p> Die deutsche Bundesregierung hat sich Ziele gesetzt den Fl\u00e4chenverbrauch zu verringern: Sie will im Rahmen ihrer&nbsp;<a href=\"https:\/\/de.wikipedia.org\/wiki\/Deutsche_Nachhaltigkeitsstrategie\">Nachhaltigkeitsstrategie<\/a>&nbsp;aus dem Jahr 2002 den Fl\u00e4chenverbrauch bis zum Jahr 2020 auf t\u00e4glich 30&nbsp;ha reduzieren. Die Neuauflage der Nachhaltigkeitsstrategie aus dem Jahr 2016 enth\u00e4lt eine, so das Bundesumweltministerium, \u201eversch\u00e4rfte Festlegung\u201c von \u201eunter 30 Hektar\u201c pro Tag bis zum Jahr 2030. Das&nbsp;<a href=\"https:\/\/de.wikipedia.org\/wiki\/Integriertes_Umweltprogramm_2030\">integrierte Umweltprogramm 2030<\/a>&nbsp;des Umweltministeriums aus dem Jahr 2016 enth\u00e4lt ein Ziel von 20&nbsp;ha pro Tag. Laut&nbsp;<a href=\"https:\/\/de.wikipedia.org\/wiki\/Klimaschutzplan_2050\">Klimaschutzplan 2050<\/a>&nbsp;vom November 2016, der den Weg zu einem treibhausgasneutralen Deutschland beschreibt, will die Bundesregierung einen Fl\u00e4chenverbrauch von Netto-Null (Fl\u00e4chenkreislaufwirtschaft) bis 2050, entsprechend einer Zielsetzung der Europ\u00e4ischen Kommission.<\/p>\n\t\t<div class=\"wpulike wpulike-default \" ><div class=\"wp_ulike_general_class wp_ulike_is_not_liked\"><button type=\"button\"\n\t\t\t\t\tdata-ulike-id=\"138\"\n\t\t\t\t\tdata-ulike-nonce=\"dc7adf7d30\"\n\t\t\t\t\tdata-ulike-type=\"likeThis\"\n\t\t\t\t\tdata-ulike-status=\"1\" class=\"wp_ulike_btn wp_ulike_put_image wp_likethis_138\"><\/button><span class=\"count-box\">0<\/span>\t\t\t<\/div><\/div>\n\t","protected":false},"excerpt":{"rendered":"<p>Stellungnahme zu den Heilbronner Stimme Artikeln vom 21.03.2019 von Reto Bosch \u201eFl\u00e4chenverbrauch: Landwirte schlagen Alarm\u201c S. 1 \/ Kommentar \u201eStopp\u201c S. 1 \/\u201eSorgenvoller Blick auf die Kr\u00e4ne\u201c S. 25, und dem Artikel von Ines Schmiedl &#8211; \u201eBl\u00fchende Wiesen sind f\u00fcr Insekten \u00fcberlebenswichtig\u201c S. 28 Der Landverbrauch wertvoller Agrarfl\u00e4chen ist eine besorgniserregende Entwicklung, die zwar in &hellip; <\/p>\n<p class=\"link-more\"><a href=\"https:\/\/ogb-abstatt.de\/?page_id=138\" class=\"more-link\"><span class=\"screen-reader-text\">\u201eLandwirtschaft und Bauen\u201c<\/span> weiterlesen<\/a><\/p>\n","protected":false},"author":1,"featured_media":0,"parent":0,"menu_order":0,"comment_status":"closed","ping_status":"closed","template":"","meta":[],"_links":{"self":[{"href":"https:\/\/ogb-abstatt.de\/index.php?rest_route=\/wp\/v2\/pages\/138"}],"collection":[{"href":"https:\/\/ogb-abstatt.de\/index.php?rest_route=\/wp\/v2\/pages"}],"about":[{"href":"https:\/\/ogb-abstatt.de\/index.php?rest_route=\/wp\/v2\/types\/page"}],"author":[{"embeddable":true,"href":"https:\/\/ogb-abstatt.de\/index.php?rest_route=\/wp\/v2\/users\/1"}],"replies":[{"embeddable":true,"href":"https:\/\/ogb-abstatt.de\/index.php?rest_route=%2Fwp%2Fv2%2Fcomments&post=138"}],"version-history":[{"count":6,"href":"https:\/\/ogb-abstatt.de\/index.php?rest_route=\/wp\/v2\/pages\/138\/revisions"}],"predecessor-version":[{"id":486,"href":"https:\/\/ogb-abstatt.de\/index.php?rest_route=\/wp\/v2\/pages\/138\/revisions\/486"}],"wp:attachment":[{"href":"https:\/\/ogb-abstatt.de\/index.php?rest_route=%2Fwp%2Fv2%2Fmedia&parent=138"}],"curies":[{"name":"wp","href":"https:\/\/api.w.org\/{rel}","templated":true}]}}